{"id":50,"date":"2024-02-04T17:05:07","date_gmt":"2024-02-04T17:05:07","guid":{"rendered":"https:\/\/moreno-gut.de\/?page_id=50"},"modified":"2024-02-04T17:05:07","modified_gmt":"2024-02-04T17:05:07","slug":"kontakt","status":"publish","type":"page","link":"https:\/\/moreno-gut.de\/?page_id=50","title":{"rendered":"Kontakt"},"content":{"rendered":"\n<figure class=\"wp-block-image size-full is-resized\"><img decoding=\"async\" loading=\"lazy\" src=\"https:\/\/moreno-gut.de\/wp-content\/uploads\/2024\/02\/IMG_5813_1_BW.jpg\" alt=\"\" class=\"wp-image-51\" width=\"169\" height=\"207\" srcset=\"https:\/\/moreno-gut.de\/wp-content\/uploads\/2024\/02\/IMG_5813_1_BW.jpg 566w, https:\/\/moreno-gut.de\/wp-content\/uploads\/2024\/02\/IMG_5813_1_BW-245x300.jpg 245w\" sizes=\"(max-width: 169px) 100vw, 169px\" \/><\/figure>\n\n\n\n<p>Dipl. \u00dcbersetzerin<br>Karin Moreno-Gut<br>Spitalstra\u00dfe 48a<br>79539 L\u00f6rrach<\/p>\n\n\n\n<p>Tel: +49 (7621) 130204<br>E-Mail: <a href=\"mailto:info@moreno-gut.de\" target=\"_blank\" rel=\"noreferrer noopener\">info@moreno-gut.de<\/a><\/p>\n","protected":false},"excerpt":{"rendered":"<p>Dipl. \u00dcbersetzerinKarin Moreno-GutSpitalstra\u00dfe 48a79539 L\u00f6rrach Tel: +49 (7621) 130204E-Mail: info@moreno-gut.de<\/p>\n","protected":false},"author":1,"featured_media":0,"parent":0,"menu_order":0,"comment_status":"closed","ping_status":"closed","template":"","meta":[],"_links":{"self":[{"href":"https:\/\/moreno-gut.de\/index.php?rest_route=\/wp\/v2\/pages\/50"}],"collection":[{"href":"https:\/\/moreno-gut.de\/index.php?rest_route=\/wp\/v2\/pages"}],"about":[{"href":"https:\/\/moreno-gut.de\/index.php?rest_route=\/wp\/v2\/types\/page"}],"author":[{"embeddable":true,"href":"https:\/\/moreno-gut.de\/index.php?rest_route=\/wp\/v2\/users\/1"}],"replies":[{"embeddable":true,"href":"https:\/\/moreno-gut.de\/index.php?rest_route=%2Fwp%2Fv2%2Fcomments&post=50"}],"version-history":[{"count":1,"href":"https:\/\/moreno-gut.de\/index.php?rest_route=\/wp\/v2\/pages\/50\/revisions"}],"predecessor-version":[{"id":52,"href":"https:\/\/moreno-gut.de\/index.php?rest_route=\/wp\/v2\/pages\/50\/revisions\/52"}],"wp:attachment":[{"href":"https:\/\/moreno-gut.de\/index.php?rest_route=%2Fwp%2Fv2%2Fmedia&parent=50"}],"curies":[{"name":"wp","href":"https:\/\/api.w.org\/{rel}","templated":true}]}}